{"id":7798,"date":"2025-03-11T18:06:51","date_gmt":"2025-03-11T17:06:51","guid":{"rendered":"https:\/\/savimeurope.com\/whistleblowing\/"},"modified":"2025-03-11T18:08:42","modified_gmt":"2025-03-11T17:08:42","slug":"whistleblowing","status":"publish","type":"page","link":"https:\/\/savimeurope.com\/es\/whistleblowing\/","title":{"rendered":"Whistleblowing"},"content":{"rendered":"\t\t<div data-elementor-type=\"wp-page\" data-elementor-id=\"7798\" class=\"elementor elementor-7798 elementor-7763\" data-elementor-post-type=\"page\">\n\t\t\t\t\t\t<section class=\"elementor-section elementor-top-section elementor-element elementor-element-4c83923 elementor-section-boxed elementor-section-height-default elementor-section-height-default\" data-id=\"4c83923\" data-element_type=\"section\" data-settings=\"{&quot;jet_parallax_layout_list&quot;:[{&quot;jet_parallax_layout_image&quot;:{&quot;url&quot;:&quot;&quot;,&quot;id&quot;:&quot;&quot;,&quot;size&quot;:&quot;&quot;},&quot;_id&quot;:&quot;45677c7&quot;,&quot;jet_parallax_layout_image_tablet&quot;:{&quot;url&quot;:&quot;&quot;,&quot;id&quot;:&quot;&quot;,&quot;size&quot;:&quot;&quot;},&quot;jet_parallax_layout_image_mobile&quot;:{&quot;url&quot;:&quot;&quot;,&quot;id&quot;:&quot;&quot;,&quot;size&quot;:&quot;&quot;},&quot;jet_parallax_layout_speed&quot;:{&quot;unit&quot;:&quot;%&quot;,&quot;size&quot;:50,&quot;sizes&quot;:[]},&quot;jet_parallax_layout_type&quot;:&quot;scroll&quot;,&quot;jet_parallax_layout_direction&quot;:null,&quot;jet_parallax_layout_fx_direction&quot;:null,&quot;jet_parallax_layout_z_index&quot;:&quot;&quot;,&quot;jet_parallax_layout_bg_x&quot;:50,&quot;jet_parallax_layout_bg_x_tablet&quot;:&quot;&quot;,&quot;jet_parallax_layout_bg_x_mobile&quot;:&quot;&quot;,&quot;jet_parallax_layout_bg_y&quot;:50,&quot;jet_parallax_layout_bg_y_tablet&quot;:&quot;&quot;,&quot;jet_parallax_layout_bg_y_mobile&quot;:&quot;&quot;,&quot;jet_parallax_layout_bg_size&quot;:&quot;auto&quot;,&quot;jet_parallax_layout_bg_size_tablet&quot;:&quot;&quot;,&quot;jet_parallax_layout_bg_size_mobile&quot;:&quot;&quot;,&quot;jet_parallax_layout_animation_prop&quot;:&quot;transform&quot;,&quot;jet_parallax_layout_on&quot;:[&quot;desktop&quot;,&quot;tablet&quot;]}]}\">\n\t\t\t\t\t\t<div class=\"elementor-container elementor-column-gap-default\">\n\t\t\t\t\t<div class=\"elementor-column elementor-col-100 elementor-top-column elementor-element elementor-element-50a0b24\" data-id=\"50a0b24\" data-element_type=\"column\">\n\t\t\t<div class=\"elementor-widget-wrap elementor-element-populated\">\n\t\t\t\t\t\t<div class=\"elementor-element elementor-element-6d73e5b9 elementor-widget elementor-widget-breadcrumbs\" data-id=\"6d73e5b9\" data-element_type=\"widget\" data-widget_type=\"breadcrumbs.default\">\n\t\t\t\t<div class=\"elementor-widget-container\">\n\t\t\t\t\t<p id=\"breadcrumbs\"><span><span><a href=\"https:\/\/savimeurope.com\/es\/\">Home<\/a><\/span><\/span><\/p>\t\t\t\t<\/div>\n\t\t\t\t<\/div>\n\t\t\t\t<div class=\"elementor-element elementor-element-c1ee7e3 elementor-widget elementor-widget-heading\" data-id=\"c1ee7e3\" data-element_type=\"widget\" data-widget_type=\"heading.default\">\n\t\t\t\t<div class=\"elementor-widget-container\">\n\t\t\t\t\t<h3 class=\"elementor-heading-title elementor-size-default\">WHISTLEBLOWING<\/h3>\t\t\t\t<\/div>\n\t\t\t\t<\/div>\n\t\t\t\t<div class=\"elementor-element elementor-element-d21d9bb elementor-widget elementor-widget-text-editor\" data-id=\"d21d9bb\" data-element_type=\"widget\" data-widget_type=\"text-editor.default\">\n\t\t\t\t<div class=\"elementor-widget-container\">\n\t\t\t\t\t\t\t\t\t<p>En cumplimiento de las disposiciones de la nueva normativa en materia de protecci\u00f3n de los denunciantes (whistleblowing), SAVIM ha decidido utilizar una plataforma informativa para la recepci\u00f3n y gesti\u00f3n de las denuncias.<\/p><p>Quienes deseen presentar una denuncia, ya sea por escrito u oralmente, incluso de forma an\u00f3nima, pueden acceder al sitio web <a href=\"https:\/\/private.mygovernance.it\/mywhistleblowing\/savim\/79924\" target=\"_blank\" rel=\"noopener\"><strong>https:\/\/private.mygovernance.it\/mywhistleblowing\/savim\/79924<\/strong><\/a><strong>,<\/strong> donde ser\u00e1n dirigidos directamente a la plataforma inform\u00e1tica a trav\u00e9s de la cual podr\u00e1n presentar su denuncia.<\/p><p>Para la recepci\u00f3n y gesti\u00f3n de las denuncias, el Consejo de Administraci\u00f3n ha designado a la Dra. Nicoletta Scavini como Gestora.<\/p><p>La Gestora de las denuncias est\u00e1 obligada a cumplir con lo siguiente:<\/p><ul><li>evaluar la admisibilidad de la denuncia en t\u00e9rminos del cumplimiento de sus requisitos esenciales;<\/li><li>en caso de que la denuncia no est\u00e9 suficientemente detallada, solicitar al denunciante informaci\u00f3n adicional;<\/li><li>mantener la m\u00e1xima confidencialidad sobre la identidad del denunciante y el contenido de la denuncia;<\/li><li>emitir un acuse de recibo al denunciante dentro de los 7 d\u00edas posteriores a la recepci\u00f3n de la denuncia;<\/li><li>mantener un di\u00e1logo con el denunciante;<\/li><li>dar el debido seguimiento a la denuncia recibida, realizando las investigaciones pertinentes y evaluando las posibles medidas a tomar;<\/li><li>proporcionar una respuesta al denunciante.<\/li><\/ul><p>Adem\u00e1s del presente comunicado, la Empresa pone a disposici\u00f3n una <a href=\"https:\/\/savimeurope.com\/wp-content\/uploads\/2025\/03\/policy-regolamento.pdf\" target=\"_blank\" rel=\"noopener\"><strong>pol\u00edtica\/reglamento<\/strong><\/a> para la presentaci\u00f3n de denuncias y la Pol\u00edtica de Privacidad, ambos descargables directamente desde la plataforma (en el momento de la presentaci\u00f3n de la denuncia).<\/p>\t\t\t\t\t\t\t\t<\/div>\n\t\t\t\t<\/div>\n\t\t\t\t\t<\/div>\n\t\t<\/div>\n\t\t\t\t\t<\/div>\n\t\t<\/section>\n\t\t\t\t<\/div>\n\t\t","protected":false},"excerpt":{"rendered":"<p>WHISTLEBLOWING En cumplimiento de las disposiciones de la nueva normativa en materia de protecci\u00f3n de los denunciantes (whistleblowing), SAVIM ha decidido utilizar una plataforma informativa para<span class=\"excerpt-hellip\"> [\u2026]<\/span><\/p>\n","protected":false},"author":2,"featured_media":0,"parent":0,"menu_order":0,"comment_status":"closed","ping_status":"closed","template":"elementor_header_footer","meta":{"footnotes":""},"class_list":["post-7798","page","type-page","status-publish","hentry"],"yoast_head":"<!-- This site is optimized with the Yoast SEO plugin v26.8 - https:\/\/yoast.com\/product\/yoast-seo-wordpress\/ -->\n<title>Whistleblowing | SAVIM EUROPE<\/title>\n<meta name=\"robots\" content=\"noindex, follow\" \/>\n<meta property=\"og:locale\" content=\"es_ES\" \/>\n<meta property=\"og:type\" content=\"article\" \/>\n<meta property=\"og:title\" content=\"Whistleblowing | SAVIM EUROPE\" \/>\n<meta property=\"og:description\" content=\"WHISTLEBLOWING En cumplimiento de las disposiciones de la nueva normativa en materia de protecci\u00f3n de los denunciantes (whistleblowing), SAVIM ha decidido utilizar una plataforma informativa para [\u2026]\" \/>\n<meta property=\"og:url\" content=\"https:\/\/savimeurope.com\/es\/whistleblowing\/\" \/>\n<meta property=\"og:site_name\" content=\"SAVIM EUROPE\" \/>\n<meta property=\"article:modified_time\" content=\"2025-03-11T17:08:42+00:00\" \/>\n<meta name=\"twitter:card\" content=\"summary_large_image\" \/>\n<meta name=\"twitter:label1\" content=\"Tiempo de lectura\" \/>\n\t<meta name=\"twitter:data1\" content=\"2 minutos\" \/>\n<script type=\"application\/ld+json\" class=\"yoast-schema-graph\">{\"@context\":\"https:\/\/schema.org\",\"@graph\":[{\"@type\":\"WebPage\",\"@id\":\"https:\/\/savimeurope.com\/es\/whistleblowing\/\",\"url\":\"https:\/\/savimeurope.com\/es\/whistleblowing\/\",\"name\":\"Whistleblowing | SAVIM EUROPE\",\"isPartOf\":{\"@id\":\"https:\/\/savimeurope.com\/es\/#website\"},\"datePublished\":\"2025-03-11T17:06:51+00:00\",\"dateModified\":\"2025-03-11T17:08:42+00:00\",\"breadcrumb\":{\"@id\":\"https:\/\/savimeurope.com\/es\/whistleblowing\/#breadcrumb\"},\"inLanguage\":\"es\",\"potentialAction\":[{\"@type\":\"ReadAction\",\"target\":[\"https:\/\/savimeurope.com\/es\/whistleblowing\/\"]}]},{\"@type\":\"BreadcrumbList\",\"@id\":\"https:\/\/savimeurope.com\/es\/whistleblowing\/#breadcrumb\",\"itemListElement\":[{\"@type\":\"ListItem\",\"position\":1,\"name\":\"Home\",\"item\":\"https:\/\/savimeurope.com\/es\/\"},{\"@type\":\"ListItem\",\"position\":2,\"name\":\"Whistleblowing\"}]},{\"@type\":\"WebSite\",\"@id\":\"https:\/\/savimeurope.com\/es\/#website\",\"url\":\"https:\/\/savimeurope.com\/es\/\",\"name\":\"SAVIM EUROPE\",\"description\":\"Your Technological Partner\",\"publisher\":{\"@id\":\"https:\/\/savimeurope.com\/es\/#organization\"},\"potentialAction\":[{\"@type\":\"SearchAction\",\"target\":{\"@type\":\"EntryPoint\",\"urlTemplate\":\"https:\/\/savimeurope.com\/es\/?s={search_term_string}\"},\"query-input\":{\"@type\":\"PropertyValueSpecification\",\"valueRequired\":true,\"valueName\":\"search_term_string\"}}],\"inLanguage\":\"es\"},{\"@type\":\"Organization\",\"@id\":\"https:\/\/savimeurope.com\/es\/#organization\",\"name\":\"SAVIM EUROPE\",\"url\":\"https:\/\/savimeurope.com\/es\/\",\"logo\":{\"@type\":\"ImageObject\",\"inLanguage\":\"es\",\"@id\":\"https:\/\/savimeurope.com\/es\/#\/schema\/logo\/image\/\",\"url\":\"https:\/\/savimeurope.com\/wp-content\/uploads\/2022\/01\/logo-footer.png\",\"contentUrl\":\"https:\/\/savimeurope.com\/wp-content\/uploads\/2022\/01\/logo-footer.png\",\"width\":591,\"height\":945,\"caption\":\"SAVIM EUROPE\"},\"image\":{\"@id\":\"https:\/\/savimeurope.com\/es\/#\/schema\/logo\/image\/\"}}]}<\/script>\n<!-- \/ Yoast SEO plugin. -->","yoast_head_json":{"title":"Whistleblowing | SAVIM EUROPE","robots":{"index":"noindex","follow":"follow"},"og_locale":"es_ES","og_type":"article","og_title":"Whistleblowing | SAVIM EUROPE","og_description":"WHISTLEBLOWING En cumplimiento de las disposiciones de la nueva normativa en materia de protecci\u00f3n de los denunciantes (whistleblowing), SAVIM ha decidido utilizar una plataforma informativa para [\u2026]","og_url":"https:\/\/savimeurope.com\/es\/whistleblowing\/","og_site_name":"SAVIM EUROPE","article_modified_time":"2025-03-11T17:08:42+00:00","twitter_card":"summary_large_image","twitter_misc":{"Tiempo de lectura":"2 minutos"},"schema":{"@context":"https:\/\/schema.org","@graph":[{"@type":"WebPage","@id":"https:\/\/savimeurope.com\/es\/whistleblowing\/","url":"https:\/\/savimeurope.com\/es\/whistleblowing\/","name":"Whistleblowing | SAVIM EUROPE","isPartOf":{"@id":"https:\/\/savimeurope.com\/es\/#website"},"datePublished":"2025-03-11T17:06:51+00:00","dateModified":"2025-03-11T17:08:42+00:00","breadcrumb":{"@id":"https:\/\/savimeurope.com\/es\/whistleblowing\/#breadcrumb"},"inLanguage":"es","potentialAction":[{"@type":"ReadAction","target":["https:\/\/savimeurope.com\/es\/whistleblowing\/"]}]},{"@type":"BreadcrumbList","@id":"https:\/\/savimeurope.com\/es\/whistleblowing\/#breadcrumb","itemListElement":[{"@type":"ListItem","position":1,"name":"Home","item":"https:\/\/savimeurope.com\/es\/"},{"@type":"ListItem","position":2,"name":"Whistleblowing"}]},{"@type":"WebSite","@id":"https:\/\/savimeurope.com\/es\/#website","url":"https:\/\/savimeurope.com\/es\/","name":"SAVIM EUROPE","description":"Your Technological Partner","publisher":{"@id":"https:\/\/savimeurope.com\/es\/#organization"},"potentialAction":[{"@type":"SearchAction","target":{"@type":"EntryPoint","urlTemplate":"https:\/\/savimeurope.com\/es\/?s={search_term_string}"},"query-input":{"@type":"PropertyValueSpecification","valueRequired":true,"valueName":"search_term_string"}}],"inLanguage":"es"},{"@type":"Organization","@id":"https:\/\/savimeurope.com\/es\/#organization","name":"SAVIM EUROPE","url":"https:\/\/savimeurope.com\/es\/","logo":{"@type":"ImageObject","inLanguage":"es","@id":"https:\/\/savimeurope.com\/es\/#\/schema\/logo\/image\/","url":"https:\/\/savimeurope.com\/wp-content\/uploads\/2022\/01\/logo-footer.png","contentUrl":"https:\/\/savimeurope.com\/wp-content\/uploads\/2022\/01\/logo-footer.png","width":591,"height":945,"caption":"SAVIM EUROPE"},"image":{"@id":"https:\/\/savimeurope.com\/es\/#\/schema\/logo\/image\/"}}]}},"_links":{"self":[{"href":"https:\/\/savimeurope.com\/es\/wp-json\/wp\/v2\/pages\/7798","targetHints":{"allow":["GET"]}}],"collection":[{"href":"https:\/\/savimeurope.com\/es\/wp-json\/wp\/v2\/pages"}],"about":[{"href":"https:\/\/savimeurope.com\/es\/wp-json\/wp\/v2\/types\/page"}],"author":[{"embeddable":true,"href":"https:\/\/savimeurope.com\/es\/wp-json\/wp\/v2\/users\/2"}],"replies":[{"embeddable":true,"href":"https:\/\/savimeurope.com\/es\/wp-json\/wp\/v2\/comments?post=7798"}],"version-history":[{"count":4,"href":"https:\/\/savimeurope.com\/es\/wp-json\/wp\/v2\/pages\/7798\/revisions"}],"predecessor-version":[{"id":7802,"href":"https:\/\/savimeurope.com\/es\/wp-json\/wp\/v2\/pages\/7798\/revisions\/7802"}],"wp:attachment":[{"href":"https:\/\/savimeurope.com\/es\/wp-json\/wp\/v2\/media?parent=7798"}],"curies":[{"name":"wp","href":"https:\/\/api.w.org\/{rel}","templated":true}]}}