{"id":7765,"date":"2025-03-11T17:53:35","date_gmt":"2025-03-11T16:53:35","guid":{"rendered":"https:\/\/savimeurope.com\/?page_id=7765"},"modified":"2025-03-11T17:56:44","modified_gmt":"2025-03-11T16:56:44","slug":"whistleblowing","status":"publish","type":"page","link":"https:\/\/savimeurope.com\/fr\/whistleblowing\/","title":{"rendered":"Whistleblowing"},"content":{"rendered":"\t\t<div data-elementor-type=\"wp-page\" data-elementor-id=\"7765\" class=\"elementor elementor-7765 elementor-7763\" data-elementor-post-type=\"page\">\n\t\t\t\t\t\t<section class=\"elementor-section elementor-top-section elementor-element elementor-element-4c83923 elementor-section-boxed elementor-section-height-default elementor-section-height-default\" data-id=\"4c83923\" data-element_type=\"section\" data-settings=\"{&quot;jet_parallax_layout_list&quot;:[{&quot;jet_parallax_layout_image&quot;:{&quot;url&quot;:&quot;&quot;,&quot;id&quot;:&quot;&quot;,&quot;size&quot;:&quot;&quot;},&quot;_id&quot;:&quot;45677c7&quot;,&quot;jet_parallax_layout_image_tablet&quot;:{&quot;url&quot;:&quot;&quot;,&quot;id&quot;:&quot;&quot;,&quot;size&quot;:&quot;&quot;},&quot;jet_parallax_layout_image_mobile&quot;:{&quot;url&quot;:&quot;&quot;,&quot;id&quot;:&quot;&quot;,&quot;size&quot;:&quot;&quot;},&quot;jet_parallax_layout_speed&quot;:{&quot;unit&quot;:&quot;%&quot;,&quot;size&quot;:50,&quot;sizes&quot;:[]},&quot;jet_parallax_layout_type&quot;:&quot;scroll&quot;,&quot;jet_parallax_layout_direction&quot;:null,&quot;jet_parallax_layout_fx_direction&quot;:null,&quot;jet_parallax_layout_z_index&quot;:&quot;&quot;,&quot;jet_parallax_layout_bg_x&quot;:50,&quot;jet_parallax_layout_bg_x_tablet&quot;:&quot;&quot;,&quot;jet_parallax_layout_bg_x_mobile&quot;:&quot;&quot;,&quot;jet_parallax_layout_bg_y&quot;:50,&quot;jet_parallax_layout_bg_y_tablet&quot;:&quot;&quot;,&quot;jet_parallax_layout_bg_y_mobile&quot;:&quot;&quot;,&quot;jet_parallax_layout_bg_size&quot;:&quot;auto&quot;,&quot;jet_parallax_layout_bg_size_tablet&quot;:&quot;&quot;,&quot;jet_parallax_layout_bg_size_mobile&quot;:&quot;&quot;,&quot;jet_parallax_layout_animation_prop&quot;:&quot;transform&quot;,&quot;jet_parallax_layout_on&quot;:[&quot;desktop&quot;,&quot;tablet&quot;]}]}\">\n\t\t\t\t\t\t<div class=\"elementor-container elementor-column-gap-default\">\n\t\t\t\t\t<div class=\"elementor-column elementor-col-100 elementor-top-column elementor-element elementor-element-50a0b24\" data-id=\"50a0b24\" data-element_type=\"column\">\n\t\t\t<div class=\"elementor-widget-wrap elementor-element-populated\">\n\t\t\t\t\t\t<div class=\"elementor-element elementor-element-6d73e5b9 elementor-widget elementor-widget-breadcrumbs\" data-id=\"6d73e5b9\" data-element_type=\"widget\" data-widget_type=\"breadcrumbs.default\">\n\t\t\t\t<div class=\"elementor-widget-container\">\n\t\t\t\t\t<p id=\"breadcrumbs\"><span><span><a href=\"https:\/\/savimeurope.com\/fr\/\">Home<\/a><\/span><\/span><\/p>\t\t\t\t<\/div>\n\t\t\t\t<\/div>\n\t\t\t\t<div class=\"elementor-element elementor-element-c1ee7e3 elementor-widget elementor-widget-heading\" data-id=\"c1ee7e3\" data-element_type=\"widget\" data-widget_type=\"heading.default\">\n\t\t\t\t<div class=\"elementor-widget-container\">\n\t\t\t\t\t<h3 class=\"elementor-heading-title elementor-size-default\">WHISTLEBLOWING<\/h3>\t\t\t\t<\/div>\n\t\t\t\t<\/div>\n\t\t\t\t<div class=\"elementor-element elementor-element-d21d9bb elementor-widget elementor-widget-text-editor\" data-id=\"d21d9bb\" data-element_type=\"widget\" data-widget_type=\"text-editor.default\">\n\t\t\t\t<div class=\"elementor-widget-container\">\n\t\t\t\t\t\t\t\t\t<p>Conform\u00e9ment aux dispositions de la nouvelle r\u00e9glementation en mati\u00e8re de protection des lanceurs d\u2019alerte (whistleblowing), SAVIM a d\u00e9cid\u00e9 d\u2019utiliser une plateforme d\u2019information pour la r\u00e9ception et la gestion des signalements.<\/p><p>Toute personne souhaitant soumettre un signalement, sous forme \u00e9crite ou orale, y compris de mani\u00e8re anonyme, peut se connecter au site web <a href=\"https:\/\/private.mygovernance.it\/mywhistleblowing\/savim\/79924\" target=\"_blank\" rel=\"noopener\"><strong>https:\/\/private.mygovernance.it\/mywhistleblowing\/savim\/79924<\/strong><\/a>, qui redirige directement vers la plateforme informatique permettant de soumettre le signalement.<\/p><p>Pour la r\u00e9ception et la gestion des signalements, le Conseil d\u2019Administration a d\u00e9sign\u00e9 la Dr Nicoletta Scavini en tant que Responsable.<\/p><p>Le Responsable des signalements est tenu de respecter les obligations suivantes :<\/p><ul><li>\u00e9valuer l\u2019admissibilit\u00e9 du signalement en v\u00e9rifiant la pr\u00e9sence des crit\u00e8res essentiels;<\/li><li>si le signalement n\u2019est pas suffisamment d\u00e9taill\u00e9, demander au lanceur d\u2019alerte des informations compl\u00e9mentaires;<\/li><li>garantir la confidentialit\u00e9 absolue de l\u2019identit\u00e9 du lanceur d\u2019alerte ainsi que du contenu du signalement;<\/li><li>d\u00e9livrer un accus\u00e9 de r\u00e9ception au lanceur d\u2019alerte dans un d\u00e9lai de 7 jours \u00e0 compter de la r\u00e9ception du signalement;<\/li><li>maintenir un dialogue avec le lanceur d\u2019alerte;<\/li><li>assurer un suivi appropri\u00e9 du signalement en menant les v\u00e9rifications n\u00e9cessaires et en \u00e9valuant les mesures \u00e0 prendre;<\/li><li>fournir un retour d\u2019information au lanceur d\u2019alerte.<\/li><\/ul><p>En plus du pr\u00e9sent communiqu\u00e9, la Soci\u00e9t\u00e9 met \u00e0 disposition une <a href=\"https:\/\/savimeurope.com\/wp-content\/uploads\/2025\/03\/policy-regolamento.pdf\" target=\"_blank\" rel=\"noopener\"><strong>politique\/r\u00e8glement<\/strong><\/a> pour la soumission des signalements ainsi que la Politique de Confidentialit\u00e9, t\u00e9l\u00e9chargeables directement depuis la plateforme (lors de l\u2019envoi d\u2019un signalement).<\/p>\t\t\t\t\t\t\t\t<\/div>\n\t\t\t\t<\/div>\n\t\t\t\t\t<\/div>\n\t\t<\/div>\n\t\t\t\t\t<\/div>\n\t\t<\/section>\n\t\t\t\t<\/div>\n\t\t","protected":false},"excerpt":{"rendered":"<p>WHISTLEBLOWING Conform\u00e9ment aux dispositions de la nouvelle r\u00e9glementation en mati\u00e8re de protection des lanceurs d\u2019alerte (whistleblowing), SAVIM a d\u00e9cid\u00e9 d\u2019utiliser une plateforme d\u2019information pour la r\u00e9ception<span class=\"excerpt-hellip\"> [\u2026]<\/span><\/p>\n","protected":false},"author":2,"featured_media":0,"parent":0,"menu_order":0,"comment_status":"closed","ping_status":"closed","template":"elementor_header_footer","meta":{"footnotes":""},"class_list":["post-7765","page","type-page","status-publish","hentry"],"yoast_head":"<!-- This site is optimized with the Yoast SEO plugin v26.8 - https:\/\/yoast.com\/product\/yoast-seo-wordpress\/ -->\n<title>Whistleblowing | SAVIM EUROPE<\/title>\n<meta name=\"robots\" content=\"noindex, follow\" \/>\n<meta property=\"og:locale\" content=\"fr_FR\" \/>\n<meta property=\"og:type\" content=\"article\" \/>\n<meta property=\"og:title\" content=\"Whistleblowing | SAVIM EUROPE\" \/>\n<meta property=\"og:description\" content=\"WHISTLEBLOWING Conform\u00e9ment aux dispositions de la nouvelle r\u00e9glementation en mati\u00e8re de protection des lanceurs d\u2019alerte (whistleblowing), SAVIM a d\u00e9cid\u00e9 d\u2019utiliser une plateforme d\u2019information pour la r\u00e9ception [\u2026]\" \/>\n<meta property=\"og:url\" content=\"https:\/\/savimeurope.com\/fr\/whistleblowing\/\" \/>\n<meta property=\"og:site_name\" content=\"SAVIM EUROPE\" \/>\n<meta property=\"article:modified_time\" content=\"2025-03-11T16:56:44+00:00\" \/>\n<meta name=\"twitter:card\" content=\"summary_large_image\" \/>\n<meta name=\"twitter:label1\" content=\"Dur\u00e9e de lecture estim\u00e9e\" \/>\n\t<meta name=\"twitter:data1\" content=\"2 minutes\" \/>\n<script type=\"application\/ld+json\" class=\"yoast-schema-graph\">{\"@context\":\"https:\/\/schema.org\",\"@graph\":[{\"@type\":\"WebPage\",\"@id\":\"https:\/\/savimeurope.com\/fr\/whistleblowing\/\",\"url\":\"https:\/\/savimeurope.com\/fr\/whistleblowing\/\",\"name\":\"Whistleblowing | SAVIM EUROPE\",\"isPartOf\":{\"@id\":\"https:\/\/savimeurope.com\/fr\/#website\"},\"datePublished\":\"2025-03-11T16:53:35+00:00\",\"dateModified\":\"2025-03-11T16:56:44+00:00\",\"breadcrumb\":{\"@id\":\"https:\/\/savimeurope.com\/fr\/whistleblowing\/#breadcrumb\"},\"inLanguage\":\"fr-FR\",\"potentialAction\":[{\"@type\":\"ReadAction\",\"target\":[\"https:\/\/savimeurope.com\/fr\/whistleblowing\/\"]}]},{\"@type\":\"BreadcrumbList\",\"@id\":\"https:\/\/savimeurope.com\/fr\/whistleblowing\/#breadcrumb\",\"itemListElement\":[{\"@type\":\"ListItem\",\"position\":1,\"name\":\"Home\",\"item\":\"https:\/\/savimeurope.com\/fr\/\"},{\"@type\":\"ListItem\",\"position\":2,\"name\":\"Whistleblowing\"}]},{\"@type\":\"WebSite\",\"@id\":\"https:\/\/savimeurope.com\/fr\/#website\",\"url\":\"https:\/\/savimeurope.com\/fr\/\",\"name\":\"SAVIM EUROPE\",\"description\":\"Your Technological Partner\",\"publisher\":{\"@id\":\"https:\/\/savimeurope.com\/fr\/#organization\"},\"potentialAction\":[{\"@type\":\"SearchAction\",\"target\":{\"@type\":\"EntryPoint\",\"urlTemplate\":\"https:\/\/savimeurope.com\/fr\/?s={search_term_string}\"},\"query-input\":{\"@type\":\"PropertyValueSpecification\",\"valueRequired\":true,\"valueName\":\"search_term_string\"}}],\"inLanguage\":\"fr-FR\"},{\"@type\":\"Organization\",\"@id\":\"https:\/\/savimeurope.com\/fr\/#organization\",\"name\":\"SAVIM EUROPE\",\"url\":\"https:\/\/savimeurope.com\/fr\/\",\"logo\":{\"@type\":\"ImageObject\",\"inLanguage\":\"fr-FR\",\"@id\":\"https:\/\/savimeurope.com\/fr\/#\/schema\/logo\/image\/\",\"url\":\"https:\/\/savimeurope.com\/wp-content\/uploads\/2022\/01\/logo-footer.png\",\"contentUrl\":\"https:\/\/savimeurope.com\/wp-content\/uploads\/2022\/01\/logo-footer.png\",\"width\":591,\"height\":945,\"caption\":\"SAVIM EUROPE\"},\"image\":{\"@id\":\"https:\/\/savimeurope.com\/fr\/#\/schema\/logo\/image\/\"}}]}<\/script>\n<!-- \/ Yoast SEO plugin. -->","yoast_head_json":{"title":"Whistleblowing | SAVIM EUROPE","robots":{"index":"noindex","follow":"follow"},"og_locale":"fr_FR","og_type":"article","og_title":"Whistleblowing | SAVIM EUROPE","og_description":"WHISTLEBLOWING Conform\u00e9ment aux dispositions de la nouvelle r\u00e9glementation en mati\u00e8re de protection des lanceurs d\u2019alerte (whistleblowing), SAVIM a d\u00e9cid\u00e9 d\u2019utiliser une plateforme d\u2019information pour la r\u00e9ception [\u2026]","og_url":"https:\/\/savimeurope.com\/fr\/whistleblowing\/","og_site_name":"SAVIM EUROPE","article_modified_time":"2025-03-11T16:56:44+00:00","twitter_card":"summary_large_image","twitter_misc":{"Dur\u00e9e de lecture estim\u00e9e":"2 minutes"},"schema":{"@context":"https:\/\/schema.org","@graph":[{"@type":"WebPage","@id":"https:\/\/savimeurope.com\/fr\/whistleblowing\/","url":"https:\/\/savimeurope.com\/fr\/whistleblowing\/","name":"Whistleblowing | SAVIM EUROPE","isPartOf":{"@id":"https:\/\/savimeurope.com\/fr\/#website"},"datePublished":"2025-03-11T16:53:35+00:00","dateModified":"2025-03-11T16:56:44+00:00","breadcrumb":{"@id":"https:\/\/savimeurope.com\/fr\/whistleblowing\/#breadcrumb"},"inLanguage":"fr-FR","potentialAction":[{"@type":"ReadAction","target":["https:\/\/savimeurope.com\/fr\/whistleblowing\/"]}]},{"@type":"BreadcrumbList","@id":"https:\/\/savimeurope.com\/fr\/whistleblowing\/#breadcrumb","itemListElement":[{"@type":"ListItem","position":1,"name":"Home","item":"https:\/\/savimeurope.com\/fr\/"},{"@type":"ListItem","position":2,"name":"Whistleblowing"}]},{"@type":"WebSite","@id":"https:\/\/savimeurope.com\/fr\/#website","url":"https:\/\/savimeurope.com\/fr\/","name":"SAVIM EUROPE","description":"Your Technological Partner","publisher":{"@id":"https:\/\/savimeurope.com\/fr\/#organization"},"potentialAction":[{"@type":"SearchAction","target":{"@type":"EntryPoint","urlTemplate":"https:\/\/savimeurope.com\/fr\/?s={search_term_string}"},"query-input":{"@type":"PropertyValueSpecification","valueRequired":true,"valueName":"search_term_string"}}],"inLanguage":"fr-FR"},{"@type":"Organization","@id":"https:\/\/savimeurope.com\/fr\/#organization","name":"SAVIM EUROPE","url":"https:\/\/savimeurope.com\/fr\/","logo":{"@type":"ImageObject","inLanguage":"fr-FR","@id":"https:\/\/savimeurope.com\/fr\/#\/schema\/logo\/image\/","url":"https:\/\/savimeurope.com\/wp-content\/uploads\/2022\/01\/logo-footer.png","contentUrl":"https:\/\/savimeurope.com\/wp-content\/uploads\/2022\/01\/logo-footer.png","width":591,"height":945,"caption":"SAVIM EUROPE"},"image":{"@id":"https:\/\/savimeurope.com\/fr\/#\/schema\/logo\/image\/"}}]}},"_links":{"self":[{"href":"https:\/\/savimeurope.com\/fr\/wp-json\/wp\/v2\/pages\/7765","targetHints":{"allow":["GET"]}}],"collection":[{"href":"https:\/\/savimeurope.com\/fr\/wp-json\/wp\/v2\/pages"}],"about":[{"href":"https:\/\/savimeurope.com\/fr\/wp-json\/wp\/v2\/types\/page"}],"author":[{"embeddable":true,"href":"https:\/\/savimeurope.com\/fr\/wp-json\/wp\/v2\/users\/2"}],"replies":[{"embeddable":true,"href":"https:\/\/savimeurope.com\/fr\/wp-json\/wp\/v2\/comments?post=7765"}],"version-history":[{"count":5,"href":"https:\/\/savimeurope.com\/fr\/wp-json\/wp\/v2\/pages\/7765\/revisions"}],"predecessor-version":[{"id":7793,"href":"https:\/\/savimeurope.com\/fr\/wp-json\/wp\/v2\/pages\/7765\/revisions\/7793"}],"wp:attachment":[{"href":"https:\/\/savimeurope.com\/fr\/wp-json\/wp\/v2\/media?parent=7765"}],"curies":[{"name":"wp","href":"https:\/\/api.w.org\/{rel}","templated":true}]}}